{"id":25474,"date":"2018-09-26T11:02:32","date_gmt":"2018-09-26T15:02:32","guid":{"rendered":"http:\/\/www1.arc.ulaval.ca\/?page_id=25474"},"modified":"2018-09-26T11:02:32","modified_gmt":"2018-09-26T15:02:32","slug":"first-edition-2007","status":"publish","type":"page","link":"https:\/\/arc.faaad.ulaval.ca\/en\/programmes\/field-school-in-built-heritage-and-cultural-landscapes\/first-edition-2007","title":{"rendered":"First edition 2007"},"content":{"rendered":"<h1>First edition 2007<\/h1>\n<p>The first edition of the summer field course in Built Heritage and Cultural Landscapes compared the parish cores of St-Pierre Barachois (catholic) and St.Peter\u2019s Malbay (Anglican) churches, both located in the greater city of Perc\u00e9. The analysis of the components of these two cores (churches, cemeteries, presbyteries, convent, schools, etc.) revealed that there are as many similarities as differences in the internal organisation of space and the relation between the buildings and nearby structures. Each parish core played significant economic, social, political, and cultural roles in the evolution of the community.<\/p>\n<p><img loading=\"lazy\" decoding=\"async\" src=\"https:\/\/www.arc.ulaval.ca\/files\/arc\/insitu\/1edition\/st-peter.jpg\" alt=\"\" width=\"300\" height=\"223\" \/><\/p>\n<p><strong>St-Peter\u2019s Malbay<\/strong><br \/>\nPhoto : Corey Carreiro<\/p>\n<p><img loading=\"lazy\" decoding=\"async\" src=\"https:\/\/www.arc.ulaval.ca\/files\/arc\/insitu\/1edition\/st-pierre.jpg\" alt=\"\" width=\"225\" height=\"300\" \/><\/p>\n<p><strong>St-Pierre Barachois<\/strong><br \/>\nPhoto: Tina L\u00e9vesque Cahill<\/p>\n<p>A good part of this intensive course takes place on site, with the remaining time spent in the classroom or the studio. Regardless of the space the group chooses to study on a given day or the method applied or whether the organisation of work involves individual effort, small teams, or the whole group together, the professors\u2019 support is constant. Everyone is called upon to collaborate and discuss with each other, students and professors truly engage in teamwork.<\/p>\n<p><img loading=\"lazy\" decoding=\"async\" src=\"https:\/\/www.arc.ulaval.ca\/files\/arc\/insitu\/1edition\/6.jpg\" alt=\"\" width=\"300\" height=\"199\" \/><\/p>\n<p>Photo: Nancy Van Dolsen &amp; John P. Wood<\/p>\n<p>One of the premises of the course is that the built environment is an archive. To glean the best information from this archive, students are coached by experienced teachers. They invite students to question the visible traces to learn about the building\u2019s construction, its evolution, and its users. Students are encouraged to pose hypotheses about what they observe in the built world that they can then attempt to verify by also examining historical and iconographic documents, reviewing oral history transcripts, among other sources of data.<\/p>\n<p><img loading=\"lazy\" decoding=\"async\" src=\"https:\/\/www.arc.ulaval.ca\/files\/arc\/insitu\/1edition\/3.jpg\" alt=\"\" width=\"300\" height=\"200\" \/><\/p>\n<p>Photo : Tania Martin<\/p>\n<p>Not only does the course develop knowledge about the region\u2019s culture and history, but it also introduces architectural and landscape survey techniques including the operation and utility of new tools. Students learned how to use a GPS receptor and photogrammetry (creation of a virtual three-dimensional model with digital camera photography and specialised software), they applied these tools on site and then discussed of the validity of their use in the surveying and documentation of historical sites.<\/p>\n<p><img loading=\"lazy\" decoding=\"async\" src=\"https:\/\/www.arc.ulaval.ca\/files\/arc\/insitu\/1edition\/4.jpg\" alt=\"\" width=\"300\" height=\"199\" \/><\/p>\n<p>Photo : Tania Martin<\/p>\n<p>The professors aren\u2019t the only ones who contribute to the students\u2019 knowledge. The people living in the two parishes met with them to discuss their concerns and the stakes involved in the future of their parish. By conducting interviews (that students learned to prepare) the parishioners recounted their memories and stories, thus enriching the appreciation and the interpretation of place.<\/p>\n<p><img loading=\"lazy\" decoding=\"async\" src=\"https:\/\/www.arc.ulaval.ca\/files\/arc\/insitu\/1edition\/groupe2.jpg\" alt=\"\" width=\"300\" height=\"200\" \/><\/p>\n<p>Photo : Tania Martin<\/p>\n<p>Following the documentation and analysis of rich and diverse sources of information, local professors, representatives of government authorities and organisations in the field of culture and heritage, professionals, parishioners and key community stakeholders convened at round-table followed by a day-long workshop. The goal of these meetings was to identify the problems and potential solutions concerning the present and future of the religious heritage of Gasp\u00e9 villages. Working with participants, the students put their knowledge and hypotheses to the test, and they created contacts with the key people of the region.<\/p>\n<p><img loading=\"lazy\" decoding=\"async\" src=\"https:\/\/www.arc.ulaval.ca\/files\/arc\/insitu\/1edition\/2.jpg\" alt=\"\" width=\"300\" height=\"199\" \/><\/p>\n<p>Photo : Camille Girard-Ruel<\/p>\n<p>The students and professors shared the results of their three intensive weeks of field work at an exhibition held at the Villa James in Perc\u00e9. Many of the people who had cooperated with the students, as well as community members interested in the subject, the simply curious turned up, making a great success of the event. All were proud of the work collectively accomplished.<\/p>\n<p><img loading=\"lazy\" decoding=\"async\" src=\"https:\/\/www.arc.ulaval.ca\/files\/arc\/insitu\/1edition\/1.jpg\" alt=\"\" width=\"300\" height=\"225\" \/><\/p>\n<p>Photo : Tina L\u00e9vesque Cahill<\/p>\n<p>Although the main objective of the field school in the Gasp\u00e9 region is learning, students and professors nonetheless have the opportunity to have fun and explore the beautiful Gaspesian landscapes: mountain hiking, sea kayaking, boat tours and fires on the beach are only some of the possible weekend activities.<\/p>\n<p><img loading=\"lazy\" decoding=\"async\" src=\"https:\/\/www.arc.ulaval.ca\/files\/arc\/insitu\/1edition\/kayak.jpg\" alt=\"\" width=\"300\" height=\"225\" \/><\/p>\n<p>Photo : C\u00e9dric Leboeuf Faure<\/p>\n<p>Students and professors continue discussions outside of course hours: they all get together a couple times during the field school to share meals that often feature local delicacies, to wrap-up the day\u2019s activities or simply to better get to know each other.<\/p>\n<p><img loading=\"lazy\" decoding=\"async\" src=\"https:\/\/www.arc.ulaval.ca\/files\/arc\/insitu\/1edition\/5.jpg\" alt=\"\" width=\"300\" height=\"227\" \/><\/p>\n<p>Photo : C\u00e9dric Leboeuf Faure<\/p>\n<p>The students of the 2007 edition of the field school (left to right):<br \/>\nC\u00e9dric Leboeuf Faure, Jimmy-Lee Jones, Christian Gagnon, Tina L\u00e9vesque Cahill, Corey Carreiro et Christian Dub\u00e9.<\/p>\n<p><img loading=\"lazy\" decoding=\"async\" src=\"https:\/\/www.arc.ulaval.ca\/files\/arc\/insitu\/1edition\/groupe.jpg\" alt=\"\" width=\"300\" height=\"225\" \/><\/p>\n<p>Photo : Andrew Johnston<\/p>\n<p><a href=\"https:\/\/www.arc.ulaval.ca\/files\/arc\/2007-arc-62033-perce-english.pdf\">Syllabus 2007<\/a> <img loading=\"lazy\" decoding=\"async\" src=\"https:\/\/www.arc.ulaval.ca\/files\/pdf_icon.gif\" alt=\"\" width=\"10\" height=\"10\" \/><\/p>\n","protected":false},"excerpt":{"rendered":"<p>First edition 2007 The first edition of the summer field course in Built Heritage and Cultural Landscapes compared the parish cores of St-Pierre Barachois (catholic) and St.Peter\u2019s Malbay (Anglican) churches, both located in the greater city of Perc\u00e9. The analysis of the components of these two cores (churches, cemeteries, presbyteries, convent, schools, etc.) revealed that [&hellip;]<\/p>\n","protected":false},"author":136,"featured_media":0,"parent":25432,"menu_order":112,"comment_status":"closed","ping_status":"closed","template":"","meta":{"_acf_changed":false,"ngg_post_thumbnail":0,"footnotes":""},"class_list":["post-25474","page","type-page","status-publish","hentry"],"acf":[],"_links":{"self":[{"href":"https:\/\/arc.faaad.ulaval.ca\/en\/wp-json\/wp\/v2\/pages\/25474","targetHints":{"allow":["GET"]}}],"collection":[{"href":"https:\/\/arc.faaad.ulaval.ca\/en\/wp-json\/wp\/v2\/pages"}],"about":[{"href":"https:\/\/arc.faaad.ulaval.ca\/en\/wp-json\/wp\/v2\/types\/page"}],"author":[{"embeddable":true,"href":"https:\/\/arc.faaad.ulaval.ca\/en\/wp-json\/wp\/v2\/users\/136"}],"replies":[{"embeddable":true,"href":"https:\/\/arc.faaad.ulaval.ca\/en\/wp-json\/wp\/v2\/comments?post=25474"}],"version-history":[{"count":1,"href":"https:\/\/arc.faaad.ulaval.ca\/en\/wp-json\/wp\/v2\/pages\/25474\/revisions"}],"predecessor-version":[{"id":25475,"href":"https:\/\/arc.faaad.ulaval.ca\/en\/wp-json\/wp\/v2\/pages\/25474\/revisions\/25475"}],"up":[{"embeddable":true,"href":"https:\/\/arc.faaad.ulaval.ca\/en\/wp-json\/wp\/v2\/pages\/25432"}],"wp:attachment":[{"href":"https:\/\/arc.faaad.ulaval.ca\/en\/wp-json\/wp\/v2\/media?parent=25474"}],"curies":[{"name":"wp","href":"https:\/\/api.w.org\/{rel}","templated":true}]}}