{"id":25446,"date":"2018-09-26T10:51:38","date_gmt":"2018-09-26T14:51:38","guid":{"rendered":"http:\/\/www1.arc.ulaval.ca\/?page_id=25446"},"modified":"2018-09-26T10:51:38","modified_gmt":"2018-09-26T14:51:38","slug":"course-registration-and-fees","status":"publish","type":"page","link":"https:\/\/arc.faaad.ulaval.ca\/en\/programmes\/field-school-in-built-heritage-and-cultural-landscapes\/course-registration-and-fees","title":{"rendered":"Course registration and fees"},"content":{"rendered":"<h1>Course registration and fees<\/h1>\n<p><strong>Register before 23 April 2016<\/strong><\/p>\n<p>If you are a student of:<\/p>\n<ul>\n<li>Universit\u00e9 Laval, use <em>Capsule<\/em> : <a href=\"http:\/\/www.capsule.ulaval.ca\/cms\/site\/capsule\" target=\"_blank\">capsule.ulaval.ca<\/a><\/li>\n<li>Another institution, register in ARC-4103 at the undergraduate level or ARC-6060 at the graduate level through liberal studies <strong>to obtain university course credit<\/strong> from Universit\u00e9 Laval. You must meet the admission criteria as outlined at <a href=\"https:\/\/www.ulaval.ca\/en\/admissions\/admission-requirements.html\" target=\"_blank\">https:\/\/www.ulaval.ca\/en\/admissions\/admission-requirements.html<\/a> as well as those of the course.<\/li>\n<li>If you are a young or established professional, a heritage or history buff, etc.: register through Continuing Education at Universit\u00e9 Laval (without university course credits) <a href=\"http:\/\/www.dgfc.ulaval.ca\">http:\/\/www.dgfc.ulaval.ca<\/a> | <a href=\"https:\/\/commerceweb.ulaval.ca\/shopping\/dgfc\/cart\/AddProduct.action?identifier=arc_u001\">Registration form<\/a><\/li>\n<\/ul>\n<p><strong>For additional registration information in liberal studies or continuing education<\/strong><\/p>\n<p style=\"padding-left: 30px;\"><strong>Admission des adultes, cours compensateurs et \u00e9tudes libres<\/strong><strong><br \/> <\/strong><a href=\"https:\/\/www.ulaval.ca\/plan-du-campus\/pavillons.html?tx_tacticunitepavillon_pi1%5Bmode%5D=pavillon&amp;tx_tacticunitepavillon_pi1%5Buid%5D=19&amp;cHash=b8b333f366a244452226658b756257b8\" target=\"_blank\">Pavillon Charles-De Koninck<\/a><br \/> 1030, avenue des Sciences-Humaines<br \/> Bureau 1211<br \/> Universit\u00e9 Laval<br \/> Qu\u00e9bec (Qu\u00e9bec) G1V OA6<br \/> 418 656-3204<br \/> 1 877 785-2825, poste 3204<br \/> aaccel@dgpc.ulaval.ca<\/p>\n<p style=\"padding-left: 30px;\"><strong>Direction g\u00e9n\u00e9rale de la formation continue (DGFC)<\/strong><br \/> Pavillon La Laurentienne, bureau 1352<br \/> 1030, avenue du S\u00e9minaire<br \/> Universit\u00e9 Laval<br \/> Qu\u00e9bec (Qu\u00e9bec) G1V 0A6<br \/> T\u00e9l\u00e9phone : 418 656-3202<br \/> Sans frais : 1 855 656-3202<\/p>\n<p><a href=\"https:\/\/commerceweb.ulaval.ca\/shopping\/dgfc\/cart\/AddProduct.action?identifier=arc_u001\">Formulaire d\u2019inscription<\/a><\/p>\n<p><strong>All candidates must send a letter of interest, and, if they are a student, a recent unofficial transcript to the attention of:<\/strong><\/p>\n<p style=\"padding-left: 30px;\">Melanie.Pepin@arc.ulaval.ca<\/p>\n<p style=\"padding-left: 30px;\"><strong>Or by snail mail<\/strong><\/p>\n<p style=\"padding-left: 30px;\">M\u00e9lanie P\u00e9pin<br \/> <em>(Summer Field School)<\/em><br \/> \u00c9cole d\u2019architecture \u2013 \u00c9difice du Vieux-S\u00e9minaire-de-Qu\u00e9bec<br \/> Universit\u00e9 Laval \u2013 Qu\u00e9bec, Qu\u00e9bec<br \/> Canada, G1R 3V6<\/p>\n<h2>Fees<\/h2>\n<p><strong>Undergraduate (Bachelor), graduate (Master and Ph.D) and Liberal Studies students with university course credits<\/strong> are required to pay fees according to their status <a href=\"https:\/\/www.ulaval.ca\/en\/future-students\/education-costs-and-financing\/fees-and-budgeting.html\" target=\"_blank\">https:\/\/www.ulaval.ca\/en\/future-students\/education-costs-and-financing\/fees-and-budgeting.html<\/a>.<\/p>\n<p>Additional general organisation fees of $370 apply over and above tuition fees.*<\/p>\n<p><strong>Continuing Education (without university course credit) students<\/strong> are required to pay a course fee of $1295 Cnd dollars. The course fee covers tuition and the general organisation fees. An official letter certifying successful completion of the course can be issued as needed.<\/p>\n<p>Payment must be received at time of registration to secure your spot. Payment may be made in <strong>Canadian dollars only<\/strong> by a cheque drawn on a Canadian bank account or by postal order or international postal order.<\/p>\n<ul>\n<li>Universit\u00e9 Laval reserves the right to modify these fees at any time.<\/li>\n<li>No refunds will be issued after 1 May 2016, unless the course is cancelled by Universit\u00e9 Laval.<\/li>\n<li>A non-refundable fee of $100 Canadian applies.<\/li>\n<\/ul>\n<p>Participants are responsible for the costs of transportation to and from the course site, lodgings, travel and health insurance, course materials, meals, as well as non-course related outings and weekend excursions.<\/p>\n<h2>To obtain more information contact<\/h2>\n<p>Courriel : Melanie.Pepin@arc.ulaval.ca<br \/> Tel : 418 656-2131, poste : 5294<\/p>\n<p><em>* Please verify the fees before writing your cheque.<\/em><\/p>\n","protected":false},"excerpt":{"rendered":"<p>Course registration and fees Register before 23 April 2016 If you are a student of: Universit\u00e9 Laval, use Capsule : capsule.ulaval.ca Another institution, register in ARC-4103 at the undergraduate level or ARC-6060 at the graduate level through liberal studies to obtain university course credit from Universit\u00e9 Laval. You must meet the admission criteria as outlined [&hellip;]<\/p>\n","protected":false},"author":136,"featured_media":0,"parent":25432,"menu_order":105,"comment_status":"closed","ping_status":"closed","template":"","meta":{"_acf_changed":false,"ngg_post_thumbnail":0,"footnotes":""},"class_list":["post-25446","page","type-page","status-publish","hentry"],"acf":[],"_links":{"self":[{"href":"https:\/\/arc.faaad.ulaval.ca\/en\/wp-json\/wp\/v2\/pages\/25446","targetHints":{"allow":["GET"]}}],"collection":[{"href":"https:\/\/arc.faaad.ulaval.ca\/en\/wp-json\/wp\/v2\/pages"}],"about":[{"href":"https:\/\/arc.faaad.ulaval.ca\/en\/wp-json\/wp\/v2\/types\/page"}],"author":[{"embeddable":true,"href":"https:\/\/arc.faaad.ulaval.ca\/en\/wp-json\/wp\/v2\/users\/136"}],"replies":[{"embeddable":true,"href":"https:\/\/arc.faaad.ulaval.ca\/en\/wp-json\/wp\/v2\/comments?post=25446"}],"version-history":[{"count":1,"href":"https:\/\/arc.faaad.ulaval.ca\/en\/wp-json\/wp\/v2\/pages\/25446\/revisions"}],"predecessor-version":[{"id":25447,"href":"https:\/\/arc.faaad.ulaval.ca\/en\/wp-json\/wp\/v2\/pages\/25446\/revisions\/25447"}],"up":[{"embeddable":true,"href":"https:\/\/arc.faaad.ulaval.ca\/en\/wp-json\/wp\/v2\/pages\/25432"}],"wp:attachment":[{"href":"https:\/\/arc.faaad.ulaval.ca\/en\/wp-json\/wp\/v2\/media?parent=25446"}],"curies":[{"name":"wp","href":"https:\/\/api.w.org\/{rel}","templated":true}]}}