{"id":25440,"date":"2018-09-26T10:43:38","date_gmt":"2018-09-26T14:43:38","guid":{"rendered":"http:\/\/www1.arc.ulaval.ca\/?page_id=25440"},"modified":"2018-09-26T10:43:38","modified_gmt":"2018-09-26T14:43:38","slug":"summer-field-school","status":"publish","type":"page","link":"https:\/\/arc.faaad.ulaval.ca\/en\/programmes\/field-school-in-built-heritage-and-cultural-landscapes\/summer-field-school","title":{"rendered":"Summer Field School"},"content":{"rendered":"<h1>Summer Field School<\/h1>\n<p>A three-credit course that provides hands-on training to future professionals in the study, appreciation and preservation of regional built heritage and cultural landscapes.<\/p>\n<p>During the three-week field school participants experience the process of studying cultural landscapes in-situ. They develop their abilities to record, interpret and propose innovative historic preservation strategies. Grounded in a pedagogy that combines empirical research (e.g. field recording, oral history, analysis of primary source documents), action research (e.g. public participation in course activities, informal exchanges), and creation research (e.g. design), also introduces conventional and avant-garde field recording techniques such as photogrammetry and GPS (depending on the interests of students and as time permits).<\/p>\n<p>Working closely with faculty and other professionals, participants will first document the case study site as it exists today, paying close attention to geographical, architectural, social, economic, cultural and religious dimensions. After meeting with local experts and citizens and analysing archival documents (plans, maps, newspapers, photographs, paintings, etc) and pertinent material culture (statuary, secondary buildings, field patterns, crops, etc.), they will then interpret these places in their socio-cultural, economic, and historical context using interpretive frameworks from such disciplines as cultural geography, the history of architecture, social history, and ethnography. Finally, participants will engage local stakeholders, government authorities, representatives of heritage groups and cultural organisations and community members in discussions concerning the future of their built heritage in relation to the development of their community and work with them to envision appropriate historic preservation strategies that are in keeping with the needs and values of the population.<\/p>\n<p>All course activities take place on-site in the Gaspe Peninsula. The seminars, field recording, in-class or studio time, and participative design workshops and exhibition, put participants in contact with local citizens, government officials, and professionals (architects, urban planners, historians, geographers), as well as with instructors from diverse institutions renown for their work in vernacular architecture and cultural landscape studies.<\/p>\n<p><b>Cultural landscapes and built heritage of the Gaspe<\/b><\/p>\n<p>Combined works of nature and humankind, they express a long and intimate relationship between peoples and their natural environment (UNESCO). This field school takes a cultural landscape approach to this work, defined here not just as buildings but as the reciprocal relationships between social groups and their buildings and spaces, and how these relationships have changed over time. All modifications humans make to the environment at a given moment and in a given place speak to the ways a society structures itself. A place embodies the social and economic relationships established between members of a group as well as the cultural and religious values they hold dear. The resulting organisation of space is the sedimentation of those historically-made choices and the built forms we see today constitute a veritable archive. As John Brinckerhoff Jackson said \u00abcultural landscapes make history visible \u00bb. Sometimes, when evidence of a particular period disappears, that history is carried instead in peoples\u2019 heart, memory and imagination.<\/p>\n<p>Reputed since the beginning of the twentieth century for its majestic natural landscapes, the Gaspe remains a region to study and comprehend through the lens of cultural landscapes. The meeting ground of Micmac, French, Basques, English, as well as Acadians, American Loyalists, Scotch, Irish and French-Canadian colonizers, its landscapes are subtly marked by modest settlements whose economy turned towards sea and forest. A string of villages and hamlets hug the coastline, evidence of a landscape shaped by human action. How can we accurately describe these settlements and their diverse component structures? What do they teach us about the successive inhabitants who lived there and the consequences of their actions? How have the civic priorities, economic decisions, and religious practices of the different cultural groups forged these places up until the present-day? How can we preserve the particularities of place while also responding to the needs of current and future generations? These are the types of questions that this course addresses.<\/p>\n<p><strong>Required readings before arrival<\/strong><\/p>\n<ul>\n<li>Bernier, Lionel. <em>La bataille de Forillon : roman<\/em> (Montr\u00e9al : Fides, 2009).<\/li>\n<li>Byrne, Denis. \u00ab Heritage as Social Action \u00bb in <em>The Heritage Reader<\/em> Graham Fairclough, Rodney Harrison, John H. Jameson Jr., John Schofield (London and New York : Routledge, 2008) : pages 149-173.<\/li>\n<li>Carter, Thomas and Elizabeth Cromley. <em>Invitation to Vernacular Architecture<\/em> (Knoxville: University of Tennessee Press, 2005).<\/li>\n<li>Chappell, Edward. <a href=\"https:\/\/www.arc.ulaval.ca\/files\/arc\/looking-at-buildings.pdf\"><em>L<\/em><em>ooking at Building<\/em><em>s<\/em><\/a> <u><\/u>(pdf. Disponible \u00e0 partir du site web du cours).<\/li>\n<li>Magnaghi, Alberto. <em>Le projet local<\/em> (Sprimont, Belgique : \u00e9ditions Pierre Mardaga, 2003) <\/li>\n<li>Mimeault, Mario. <em>Gasp\u00e9sie<\/em>, Regions of Quebec Collection A brief history 6 (Qu\u00e9bec : Presse de l\u2019Universit\u00e9 Laval, 2005)<\/li>\n<\/ul>\n<p><strong>Recommended Readings<\/strong><\/p>\n<ul>\n<li>Bouchard, Rom\u00e9o. <em>Il y a-t-il un avenir pour nos r\u00e9gions<\/em>. (Montr\u00e9al : Les \u00c9ditions \u00c9cosoci\u00e9t\u00e9, 2013)<\/li>\n<li>Desjardins, Marc, Yves Frenette, Jules B\u00e9langer et al., <em>Histoire de la Gasp\u00e9sie<\/em> (Qu\u00e9bec : Institut qu\u00e9b\u00e9cois de recherche, 1999).<\/li>\n<li>Domon, G\u00e9rald, and Julie Ruiz. <em>Paysages ruraux: M\u00e9thodes d&#8217;\u00e9tat des lieux at de diagnostic<\/em>. (Montr\u00e9al: Les Presses de l&#8217;Universit\u00e9 de Montr\u00e9al, 2015).<\/li>\n<li>Jackson, John Brinckerhoff. <em>Discovering the vernacular landscape<\/em>. (New Haven : Yale University Press, 1984).<\/li>\n<li>Meinig, Donald William and Jackson, John Brinckerhoff, eds. <em>The Interpretation of Ordinary Landscapes: Geographical Essays<\/em> (New York : Oxford University Press, 1979).<\/li>\n<li>Williams, Ron. <em>Landscape Architecture in Canada<\/em> (McGill-Queen\u2019s University Press, 2014).<\/li>\n<\/ul>\n<ul>\n<li><a href=\"https:\/\/www.arc.ulaval.ca\/files\/arc\/plnCoursInsituE16_ang.pdf\" target=\"_blank\">Syllabus<\/a><\/li>\n<li><a href=\"https:\/\/www.arc.ulaval.ca\/files\/arc\/cldrfldschlE16_2.pdf\" target=\"_blank\">Calendar of course activites<\/a><\/li>\n<\/ul>\n<p><strong>Course instructors include<\/strong><\/p>\n<ul>\n<li><strong>Tania Martin<\/strong>, coordinator<br \/>\n Full Professor, Universit\u00e9 Laval School of Architecture, Quebec<\/li>\n<li><strong>St\u00e9phanie Harnois, <\/strong>Professor in Geography, C\u00e9gep de la Gasp\u00e9sie et des \u00celes, Campus de Gasp\u00e9<\/li>\n<li><strong>Antoine L&#8217;Italien-Savard<\/strong>, architect, Public Works and Governement Services, Canada, Qu\u00e9bec<\/li>\n<li><strong>Jean-Fran\u00e7ois Spain,<\/strong> Professor in Tourism and the Outdoors, C\u00e9gep de la Gasp\u00e9sie et des \u00celes, Campus de Gasp\u00e9<\/li>\n<li><strong>Nancy van Dolsen<\/strong>, Architectural and Landscape Historian and Adjunct Professor in Public History at North Carolina State University, Raleigh<\/li>\n<\/ul>\n<p><em>Other guest instructors to be confirmed<\/em><\/p>\n","protected":false},"excerpt":{"rendered":"<p>Summer Field School A three-credit course that provides hands-on training to future professionals in the study, appreciation and preservation of regional built heritage and cultural landscapes. During the three-week field school participants experience the process of studying cultural landscapes in-situ. They develop their abilities to record, interpret and propose innovative historic preservation strategies. Grounded in [&hellip;]<\/p>\n","protected":false},"author":136,"featured_media":0,"parent":25432,"menu_order":104,"comment_status":"closed","ping_status":"closed","template":"","meta":{"_acf_changed":false,"ngg_post_thumbnail":0,"footnotes":""},"class_list":["post-25440","page","type-page","status-publish","hentry"],"acf":[],"_links":{"self":[{"href":"https:\/\/arc.faaad.ulaval.ca\/en\/wp-json\/wp\/v2\/pages\/25440","targetHints":{"allow":["GET"]}}],"collection":[{"href":"https:\/\/arc.faaad.ulaval.ca\/en\/wp-json\/wp\/v2\/pages"}],"about":[{"href":"https:\/\/arc.faaad.ulaval.ca\/en\/wp-json\/wp\/v2\/types\/page"}],"author":[{"embeddable":true,"href":"https:\/\/arc.faaad.ulaval.ca\/en\/wp-json\/wp\/v2\/users\/136"}],"replies":[{"embeddable":true,"href":"https:\/\/arc.faaad.ulaval.ca\/en\/wp-json\/wp\/v2\/comments?post=25440"}],"version-history":[{"count":1,"href":"https:\/\/arc.faaad.ulaval.ca\/en\/wp-json\/wp\/v2\/pages\/25440\/revisions"}],"predecessor-version":[{"id":25445,"href":"https:\/\/arc.faaad.ulaval.ca\/en\/wp-json\/wp\/v2\/pages\/25440\/revisions\/25445"}],"up":[{"embeddable":true,"href":"https:\/\/arc.faaad.ulaval.ca\/en\/wp-json\/wp\/v2\/pages\/25432"}],"wp:attachment":[{"href":"https:\/\/arc.faaad.ulaval.ca\/en\/wp-json\/wp\/v2\/media?parent=25440"}],"curies":[{"name":"wp","href":"https:\/\/api.w.org\/{rel}","templated":true}]}}